{"id":889,"date":"2024-07-16T08:54:12","date_gmt":"2024-07-16T12:54:12","guid":{"rendered":"https:\/\/groupesve.com\/?page_id=889"},"modified":"2025-09-27T11:55:59","modified_gmt":"2025-09-27T15:55:59","slug":"plan-du-salon","status":"publish","type":"page","link":"https:\/\/groupesve.com\/en\/lanaudiere\/plan-du-salon\/","title":{"rendered":"Plan du salon"},"content":{"rendered":"\t\t<div data-elementor-type=\"wp-page\" data-elementor-id=\"889\" class=\"elementor elementor-889\" data-elementor-post-type=\"page\">\n\t\t\t\t<div class=\"elementor-element elementor-element-1409b3d e-flex e-con-boxed e-con e-parent\" data-id=\"1409b3d\" data-element_type=\"container\" data-e-type=\"container\" data-settings=\"{&quot;background_background&quot;:&quot;classic&quot;}\">\n\t\t\t\t\t<div class=\"e-con-inner\">\n\t\t<div class=\"elementor-element elementor-element-3770da7 e-con-full e-flex e-con e-child\" data-id=\"3770da7\" data-element_type=\"container\" data-e-type=\"container\">\n\t\t\t\t<div class=\"elementor-element elementor-element-6760473 elementor-widget elementor-widget-heading\" data-id=\"6760473\" data-element_type=\"widget\" data-e-type=\"widget\" data-widget_type=\"heading.default\">\n\t\t\t\t<div class=\"elementor-widget-container\">\n\t\t\t\t\t<h2 class=\"elementor-heading-title elementor-size-default\">Plan du salon<\/h2>\t\t\t\t<\/div>\n\t\t\t\t<\/div>\n\t\t\t\t<\/div>\n\t\t\t\t\t<\/div>\n\t\t\t\t<\/div>\n\t\t<div class=\"elementor-element elementor-element-f116ffe e-flex e-con-boxed e-con e-parent\" data-id=\"f116ffe\" data-element_type=\"container\" data-e-type=\"container\">\n\t\t\t\t\t<div class=\"e-con-inner\">\n\t\t<div class=\"elementor-element elementor-element-a78d5be e-con-full e-flex e-con e-child\" data-id=\"a78d5be\" data-element_type=\"container\" data-e-type=\"container\" data-settings=\"{&quot;background_background&quot;:&quot;classic&quot;}\">\n\t\t\t\t<\/div>\n\t\t\t\t\t<\/div>\n\t\t\t\t<\/div>\n\t\t<div class=\"elementor-element elementor-element-09921d2 e-flex e-con-boxed e-con e-parent\" data-id=\"09921d2\" data-element_type=\"container\" data-e-type=\"container\">\n\t\t\t\t\t<div class=\"e-con-inner\">\n\t\t\t\t<div class=\"elementor-element elementor-element-0e60bf5 elementor-widget elementor-widget-image\" data-id=\"0e60bf5\" data-element_type=\"widget\" data-e-type=\"widget\" data-widget_type=\"image.default\">\n\t\t\t\t<div class=\"elementor-widget-container\">\n\t\t\t\t\t\t\t\t\t\t\t\t\t\t\t<img fetchpriority=\"high\" decoding=\"async\" width=\"1024\" height=\"682\" src=\"https:\/\/groupesve.com\/wp-content\/uploads\/2024\/02\/plan-terrebonne-siteweb-01-01-groupe-sve-1024x682.jpg\" class=\"attachment-large size-large wp-image-3096\" alt=\"\" srcset=\"https:\/\/groupesve.com\/wp-content\/uploads\/2024\/02\/plan-terrebonne-siteweb-01-01-groupe-sve-1024x682.jpg 1024w, https:\/\/groupesve.com\/wp-content\/uploads\/2024\/02\/plan-terrebonne-siteweb-01-01-groupe-sve-300x200.jpg 300w, https:\/\/groupesve.com\/wp-content\/uploads\/2024\/02\/plan-terrebonne-siteweb-01-01-groupe-sve-768x512.jpg 768w, https:\/\/groupesve.com\/wp-content\/uploads\/2024\/02\/plan-terrebonne-siteweb-01-01-groupe-sve-1536x1023.jpg 1536w, https:\/\/groupesve.com\/wp-content\/uploads\/2024\/02\/plan-terrebonne-siteweb-01-01-groupe-sve-2048x1364.jpg 2048w\" sizes=\"(max-width: 1024px) 100vw, 1024px\" \/>\t\t\t\t\t\t\t\t\t\t\t\t\t\t\t<\/div>\n\t\t\t\t<\/div>\n\t\t\t\t\t<\/div>\n\t\t\t\t<\/div>\n\t\t\t\t<\/div>\n\t\t","protected":false},"excerpt":{"rendered":"","protected":false},"author":1,"featured_media":0,"parent":881,"menu_order":0,"comment_status":"closed","ping_status":"closed","template":"","meta":{"_acf_changed":false,"site-sidebar-layout":"no-sidebar","site-content-layout":"","ast-site-content-layout":"full-width-container","site-content-style":"default","site-sidebar-style":"default","ast-global-header-display":"","ast-banner-title-visibility":"","ast-main-header-display":"","ast-hfb-above-header-display":"","ast-hfb-below-header-display":"","ast-hfb-mobile-header-display":"","site-post-title":"","ast-breadcrumbs-content":"","ast-featured-img":"disabled","footer-sml-layout":"","ast-disable-related-posts":"","theme-transparent-header-meta":"","adv-header-id-meta":"","stick-header-meta":"","header-above-stick-meta":"","header-main-stick-meta":"","header-below-stick-meta":"","astra-migrate-meta-layouts":"default","ast-page-background-enabled":"default","ast-page-background-meta":{"desktop":{"background-color":"var(--ast-global-color-4)","background-image":"","background-repeat":"repeat","background-position":"center center","background-size":"auto","background-attachment":"scroll","background-type":"","background-media":"","overlay-type":"","overlay-color":"","overlay-opacity":"","overlay-gradient":""},"tablet":{"background-color":"","background-image":"","background-repeat":"repeat","background-position":"center center","background-size":"auto","background-attachment":"scroll","background-type":"","background-media":"","overlay-type":"","overlay-color":"","overlay-opacity":"","overlay-gradient":""},"mobile":{"background-color":"","background-image":"","background-repeat":"repeat","background-position":"center center","background-size":"auto","background-attachment":"scroll","background-type":"","background-media":"","overlay-type":"","overlay-color":"","overlay-opacity":"","overlay-gradient":""}},"ast-content-background-meta":{"desktop":{"background-color":"var(--ast-global-color-5)","background-image":"","background-repeat":"repeat","background-position":"center center","background-size":"auto","background-attachment":"scroll","background-type":"","background-media":"","overlay-type":"","overlay-color":"","overlay-opacity":"","overlay-gradient":""},"tablet":{"background-color":"var(--ast-global-color-5)","background-image":"","background-repeat":"repeat","background-position":"center center","background-size":"auto","background-attachment":"scroll","background-type":"","background-media":"","overlay-type":"","overlay-color":"","overlay-opacity":"","overlay-gradient":""},"mobile":{"background-color":"var(--ast-global-color-5)","background-image":"","background-repeat":"repeat","background-position":"center center","background-size":"auto","background-attachment":"scroll","background-type":"","background-media":"","overlay-type":"","overlay-color":"","overlay-opacity":"","overlay-gradient":""}},"footnotes":""},"class_list":["post-889","page","type-page","status-publish","hentry"],"acf":[],"yoast_head":"<!-- This site is optimized with the Yoast SEO plugin v27.4 - https:\/\/yoast.com\/product\/yoast-seo-wordpress\/ -->\n<title>Plan du salon - Groupe SVE<\/title>\n<meta name=\"robots\" content=\"index, follow, max-snippet:-1, max-image-preview:large, max-video-preview:-1\" \/>\n<link rel=\"canonical\" href=\"https:\/\/groupesve.com\/en\/lanaudiere\/plan-du-salon\/\" \/>\n<meta property=\"og:locale\" content=\"en_US\" \/>\n<meta property=\"og:type\" content=\"article\" \/>\n<meta property=\"og:title\" content=\"Plan du salon - Groupe SVE\" \/>\n<meta property=\"og:url\" content=\"https:\/\/groupesve.com\/en\/lanaudiere\/plan-du-salon\/\" \/>\n<meta property=\"og:site_name\" content=\"Groupe SVE\" \/>\n<meta property=\"article:modified_time\" content=\"2025-09-27T15:55:59+00:00\" \/>\n<meta property=\"og:image\" content=\"https:\/\/groupesve.com\/wp-content\/uploads\/2024\/02\/plan-terrebonne-siteweb-01-01-groupe-sve-1024x682.jpg\" \/>\n<meta name=\"twitter:card\" content=\"summary_large_image\" \/>\n<meta name=\"twitter:label1\" content=\"Est. reading time\" \/>\n\t<meta name=\"twitter:data1\" content=\"1 minute\" \/>\n<script type=\"application\/ld+json\" class=\"yoast-schema-graph\">{\"@context\":\"https:\\\/\\\/schema.org\",\"@graph\":[{\"@type\":\"WebPage\",\"@id\":\"https:\\\/\\\/groupesve.com\\\/en\\\/lanaudiere\\\/plan-du-salon\\\/\",\"url\":\"https:\\\/\\\/groupesve.com\\\/en\\\/lanaudiere\\\/plan-du-salon\\\/\",\"name\":\"Plan du salon - Groupe SVE\",\"isPartOf\":{\"@id\":\"https:\\\/\\\/groupesve.com\\\/en\\\/#website\"},\"primaryImageOfPage\":{\"@id\":\"https:\\\/\\\/groupesve.com\\\/en\\\/lanaudiere\\\/plan-du-salon\\\/#primaryimage\"},\"image\":{\"@id\":\"https:\\\/\\\/groupesve.com\\\/en\\\/lanaudiere\\\/plan-du-salon\\\/#primaryimage\"},\"thumbnailUrl\":\"https:\\\/\\\/groupesve.com\\\/wp-content\\\/uploads\\\/2024\\\/02\\\/plan-terrebonne-siteweb-01-01-groupe-sve-1024x682.jpg\",\"datePublished\":\"2024-07-16T12:54:12+00:00\",\"dateModified\":\"2025-09-27T15:55:59+00:00\",\"breadcrumb\":{\"@id\":\"https:\\\/\\\/groupesve.com\\\/en\\\/lanaudiere\\\/plan-du-salon\\\/#breadcrumb\"},\"inLanguage\":\"en-US\",\"potentialAction\":[{\"@type\":\"ReadAction\",\"target\":[\"https:\\\/\\\/groupesve.com\\\/en\\\/lanaudiere\\\/plan-du-salon\\\/\"]}]},{\"@type\":\"ImageObject\",\"inLanguage\":\"en-US\",\"@id\":\"https:\\\/\\\/groupesve.com\\\/en\\\/lanaudiere\\\/plan-du-salon\\\/#primaryimage\",\"url\":\"https:\\\/\\\/groupesve.com\\\/wp-content\\\/uploads\\\/2024\\\/02\\\/plan-terrebonne-siteweb-01-01-groupe-sve-1024x682.jpg\",\"contentUrl\":\"https:\\\/\\\/groupesve.com\\\/wp-content\\\/uploads\\\/2024\\\/02\\\/plan-terrebonne-siteweb-01-01-groupe-sve-1024x682.jpg\"},{\"@type\":\"BreadcrumbList\",\"@id\":\"https:\\\/\\\/groupesve.com\\\/en\\\/lanaudiere\\\/plan-du-salon\\\/#breadcrumb\",\"itemListElement\":[{\"@type\":\"ListItem\",\"position\":1,\"name\":\"Accueil\",\"item\":\"https:\\\/\\\/groupesve.com\\\/en\\\/\"},{\"@type\":\"ListItem\",\"position\":2,\"name\":\"Lanaudi\u00e8re\",\"item\":\"https:\\\/\\\/groupesve.com\\\/en\\\/lanaudiere\\\/\"},{\"@type\":\"ListItem\",\"position\":3,\"name\":\"Plan du salon\"}]},{\"@type\":\"WebSite\",\"@id\":\"https:\\\/\\\/groupesve.com\\\/en\\\/#website\",\"url\":\"https:\\\/\\\/groupesve.com\\\/en\\\/\",\"name\":\"Groupe SVE\",\"description\":\"Des \u00e9v\u00e9nements incontournables pour v\u00e9hicules \u00e9lectriques\",\"potentialAction\":[{\"@type\":\"SearchAction\",\"target\":{\"@type\":\"EntryPoint\",\"urlTemplate\":\"https:\\\/\\\/groupesve.com\\\/en\\\/?s={search_term_string}\"},\"query-input\":{\"@type\":\"PropertyValueSpecification\",\"valueRequired\":true,\"valueName\":\"search_term_string\"}}],\"inLanguage\":\"en-US\"}]}<\/script>\n<!-- \/ Yoast SEO plugin. -->","yoast_head_json":{"title":"Plan du salon - Groupe SVE","robots":{"index":"index","follow":"follow","max-snippet":"max-snippet:-1","max-image-preview":"max-image-preview:large","max-video-preview":"max-video-preview:-1"},"canonical":"https:\/\/groupesve.com\/en\/lanaudiere\/plan-du-salon\/","og_locale":"en_US","og_type":"article","og_title":"Plan du salon - Groupe SVE","og_url":"https:\/\/groupesve.com\/en\/lanaudiere\/plan-du-salon\/","og_site_name":"Groupe SVE","article_modified_time":"2025-09-27T15:55:59+00:00","og_image":[{"url":"https:\/\/groupesve.com\/wp-content\/uploads\/2024\/02\/plan-terrebonne-siteweb-01-01-groupe-sve-1024x682.jpg","type":"","width":"","height":""}],"twitter_card":"summary_large_image","twitter_misc":{"Est. reading time":"1 minute"},"schema":{"@context":"https:\/\/schema.org","@graph":[{"@type":"WebPage","@id":"https:\/\/groupesve.com\/en\/lanaudiere\/plan-du-salon\/","url":"https:\/\/groupesve.com\/en\/lanaudiere\/plan-du-salon\/","name":"Plan du salon - Groupe SVE","isPartOf":{"@id":"https:\/\/groupesve.com\/en\/#website"},"primaryImageOfPage":{"@id":"https:\/\/groupesve.com\/en\/lanaudiere\/plan-du-salon\/#primaryimage"},"image":{"@id":"https:\/\/groupesve.com\/en\/lanaudiere\/plan-du-salon\/#primaryimage"},"thumbnailUrl":"https:\/\/groupesve.com\/wp-content\/uploads\/2024\/02\/plan-terrebonne-siteweb-01-01-groupe-sve-1024x682.jpg","datePublished":"2024-07-16T12:54:12+00:00","dateModified":"2025-09-27T15:55:59+00:00","breadcrumb":{"@id":"https:\/\/groupesve.com\/en\/lanaudiere\/plan-du-salon\/#breadcrumb"},"inLanguage":"en-US","potentialAction":[{"@type":"ReadAction","target":["https:\/\/groupesve.com\/en\/lanaudiere\/plan-du-salon\/"]}]},{"@type":"ImageObject","inLanguage":"en-US","@id":"https:\/\/groupesve.com\/en\/lanaudiere\/plan-du-salon\/#primaryimage","url":"https:\/\/groupesve.com\/wp-content\/uploads\/2024\/02\/plan-terrebonne-siteweb-01-01-groupe-sve-1024x682.jpg","contentUrl":"https:\/\/groupesve.com\/wp-content\/uploads\/2024\/02\/plan-terrebonne-siteweb-01-01-groupe-sve-1024x682.jpg"},{"@type":"BreadcrumbList","@id":"https:\/\/groupesve.com\/en\/lanaudiere\/plan-du-salon\/#breadcrumb","itemListElement":[{"@type":"ListItem","position":1,"name":"Accueil","item":"https:\/\/groupesve.com\/en\/"},{"@type":"ListItem","position":2,"name":"Lanaudi\u00e8re","item":"https:\/\/groupesve.com\/en\/lanaudiere\/"},{"@type":"ListItem","position":3,"name":"Plan du salon"}]},{"@type":"WebSite","@id":"https:\/\/groupesve.com\/en\/#website","url":"https:\/\/groupesve.com\/en\/","name":"Groupe SVE","description":"Des \u00e9v\u00e9nements incontournables pour v\u00e9hicules \u00e9lectriques","potentialAction":[{"@type":"SearchAction","target":{"@type":"EntryPoint","urlTemplate":"https:\/\/groupesve.com\/en\/?s={search_term_string}"},"query-input":{"@type":"PropertyValueSpecification","valueRequired":true,"valueName":"search_term_string"}}],"inLanguage":"en-US"}]}},"_links":{"self":[{"href":"https:\/\/groupesve.com\/en\/wp-json\/wp\/v2\/pages\/889","targetHints":{"allow":["GET"]}}],"collection":[{"href":"https:\/\/groupesve.com\/en\/wp-json\/wp\/v2\/pages"}],"about":[{"href":"https:\/\/groupesve.com\/en\/wp-json\/wp\/v2\/types\/page"}],"author":[{"embeddable":true,"href":"https:\/\/groupesve.com\/en\/wp-json\/wp\/v2\/users\/1"}],"replies":[{"embeddable":true,"href":"https:\/\/groupesve.com\/en\/wp-json\/wp\/v2\/comments?post=889"}],"version-history":[{"count":46,"href":"https:\/\/groupesve.com\/en\/wp-json\/wp\/v2\/pages\/889\/revisions"}],"predecessor-version":[{"id":3100,"href":"https:\/\/groupesve.com\/en\/wp-json\/wp\/v2\/pages\/889\/revisions\/3100"}],"up":[{"embeddable":true,"href":"https:\/\/groupesve.com\/en\/wp-json\/wp\/v2\/pages\/881"}],"wp:attachment":[{"href":"https:\/\/groupesve.com\/en\/wp-json\/wp\/v2\/media?parent=889"}],"curies":[{"name":"wp","href":"https:\/\/api.w.org\/{rel}","templated":true}]}}