{"id":287,"date":"2024-02-13T10:37:05","date_gmt":"2024-02-13T15:37:05","guid":{"rendered":"https:\/\/groupesve.com\/?page_id=287"},"modified":"2025-09-26T11:10:18","modified_gmt":"2025-09-26T15:10:18","slug":"a-propos","status":"publish","type":"page","link":"https:\/\/groupesve.com\/en\/a-propos\/","title":{"rendered":"\u00c0 propos"},"content":{"rendered":"\t\t<div data-elementor-type=\"wp-page\" data-elementor-id=\"287\" class=\"elementor elementor-287\" data-elementor-post-type=\"page\">\n\t\t\t\t<div class=\"elementor-element elementor-element-dbda293 e-flex e-con-boxed e-con e-parent\" data-id=\"dbda293\" data-element_type=\"container\" data-e-type=\"container\" data-settings=\"{&quot;background_background&quot;:&quot;classic&quot;,&quot;background_motion_fx_motion_fx_scrolling&quot;:&quot;yes&quot;,&quot;background_motion_fx_translateY_effect&quot;:&quot;yes&quot;,&quot;background_motion_fx_translateY_speed&quot;:{&quot;unit&quot;:&quot;px&quot;,&quot;size&quot;:5,&quot;sizes&quot;:[]},&quot;background_motion_fx_translateY_affectedRange&quot;:{&quot;unit&quot;:&quot;%&quot;,&quot;size&quot;:&quot;&quot;,&quot;sizes&quot;:{&quot;start&quot;:0,&quot;end&quot;:100}},&quot;background_motion_fx_devices&quot;:[&quot;desktop&quot;,&quot;tablet&quot;,&quot;mobile&quot;]}\">\n\t\t\t\t\t<div class=\"e-con-inner\">\n\t\t\t\t<div class=\"elementor-element elementor-element-402e1f0 elementor-widget elementor-widget-heading\" data-id=\"402e1f0\" data-element_type=\"widget\" data-e-type=\"widget\" data-widget_type=\"heading.default\">\n\t\t\t\t<div class=\"elementor-widget-container\">\n\t\t\t\t\t<h1 class=\"elementor-heading-title elementor-size-default\">\u00c0 propos<\/h1>\t\t\t\t<\/div>\n\t\t\t\t<\/div>\n\t\t\t\t\t<\/div>\n\t\t\t\t<\/div>\n\t\t<div class=\"elementor-element elementor-element-5dec825 e-flex e-con-boxed e-con e-parent\" data-id=\"5dec825\" data-element_type=\"container\" data-e-type=\"container\">\n\t\t\t\t\t<div class=\"e-con-inner\">\n\t\t<div class=\"elementor-element elementor-element-3532577 e-con-full e-flex e-con e-child\" data-id=\"3532577\" data-element_type=\"container\" data-e-type=\"container\" data-settings=\"{&quot;background_background&quot;:&quot;classic&quot;}\">\n\t\t\t\t<div class=\"elementor-element elementor-element-0c6786c elementor-widget elementor-widget-image\" data-id=\"0c6786c\" data-element_type=\"widget\" data-e-type=\"widget\" data-settings=\"{&quot;motion_fx_motion_fx_scrolling&quot;:&quot;yes&quot;,&quot;motion_fx_translateY_effect&quot;:&quot;yes&quot;,&quot;motion_fx_translateY_speed&quot;:{&quot;unit&quot;:&quot;px&quot;,&quot;size&quot;:4,&quot;sizes&quot;:[]},&quot;motion_fx_translateY_affectedRange&quot;:{&quot;unit&quot;:&quot;%&quot;,&quot;size&quot;:&quot;&quot;,&quot;sizes&quot;:{&quot;start&quot;:0,&quot;end&quot;:100}},&quot;motion_fx_devices&quot;:[&quot;desktop&quot;,&quot;tablet&quot;,&quot;mobile&quot;]}\" data-widget_type=\"image.default\">\n\t\t\t\t<div class=\"elementor-widget-container\">\n\t\t\t\t\t\t\t\t\t\t\t\t\t\t\t<img fetchpriority=\"high\" decoding=\"async\" width=\"852\" height=\"1024\" src=\"https:\/\/groupesve.com\/wp-content\/uploads\/2024\/02\/bg-05-852x1024.jpg\" class=\"attachment-large size-large wp-image-2021\" alt=\"\" srcset=\"https:\/\/groupesve.com\/wp-content\/uploads\/2024\/02\/bg-05-852x1024.jpg 852w, https:\/\/groupesve.com\/wp-content\/uploads\/2024\/02\/bg-05-250x300.jpg 250w, https:\/\/groupesve.com\/wp-content\/uploads\/2024\/02\/bg-05-768x923.jpg 768w, https:\/\/groupesve.com\/wp-content\/uploads\/2024\/02\/bg-05.jpg 899w\" sizes=\"(max-width: 852px) 100vw, 852px\" \/>\t\t\t\t\t\t\t\t\t\t\t\t\t\t\t<\/div>\n\t\t\t\t<\/div>\n\t\t\t\t<\/div>\n\t\t<div class=\"elementor-element elementor-element-71b09c9 e-con-full e-flex e-con e-child\" data-id=\"71b09c9\" data-element_type=\"container\" data-e-type=\"container\">\n\t\t\t\t<div class=\"elementor-element elementor-element-2a147ca elementor-widget elementor-widget-text-editor\" data-id=\"2a147ca\" data-element_type=\"widget\" data-e-type=\"widget\" data-widget_type=\"text-editor.default\">\n\t\t\t\t<div class=\"elementor-widget-container\">\n\t\t\t\t\t\t\t\t\t<p><strong>Les Consultations m\u00e9dias plus<\/strong> sont en fonction depuis 1983 et se sp\u00e9cialisent dans le placement m\u00e9dias, plan de marketing, organisation d\u2019\u00e9v\u00e9nements et recherche de commandites.<\/p><p><strong>En 2022<\/strong>, un tournant majeur, r\u00e9sultat du succ\u00e8s des diff\u00e9rents salons de loisir et v\u00e9hicule \u00e9lectrique, nous am\u00e8ne \u00e0 centraliser toutes nos activit\u00e9s sous un m\u00eame toit, soit <strong>LE GROUPE SVE<\/strong>.<\/p><h5>Depuis 40 ans, notre expertise se situe dans les domaines suivants au Qu\u00e9bec\u00a0:<\/h5><ul><li>Organisation de salons th\u00e9matiques et d\u2019\u00e9v\u00e9nements<\/li><li>Animation de soir\u00e9es et galas<\/li><li>Journalisme et annonceur radio<\/li><li>Placement m\u00e9dias<\/li><li>Courtier en impression, lettrage<\/li><li>Service complet en infographie, cr\u00e9ation de logo<\/li><li>\u00c9diteur de plusieurs journaux et magazines<\/li><\/ul><h5>Quelques exemples de nos r\u00e9alisations\u00a0:<\/h5><ul><li>Salon de l\u2019Habitation &#8211; Salon du camion<\/li><li>F\u00e9\u00e9rie de No\u00ebl\u00a0&#8211;\u00a0Magazine Alternative \u00e9lectrique<\/li><li>Salon de l\u2019auto\u00a0&#8211;\u00a0Occasion en Or<\/li><li>Super week-end auto<\/li><li>Organisateur du gala du 50\u1d49\u00a0anniversaire de la CCAR au Centre des congr\u00e8s de St-Hyacinthe.<\/li><li>0 GES du Grand Prix de Trois-Rivi\u00e8res<\/li><li>Salon du v\u00e9hicule \u00e9lectrique de Saint-Hyacinthe, de l\u2019Outaouais et de Lanaudi\u00e8re.<\/li><\/ul><p>Nos r\u00e9alisations sont toujours soutenues par les ententes privil\u00e9gi\u00e9es que nous avons avec la plupart des m\u00e9dias (Groupe TVA, Radio-Canada, Bell M\u00e9dia et le 98,5).<\/p><p>Maintenant, le Groupe SVE se sp\u00e9cialise surtout dans l\u2019\u00e9v\u00e9nementiel avec un cumulatif de 41 ans au service des gens d\u2019affaires surtout situ\u00e9s dans la r\u00e9gion de Saint-Hyacinthe.<\/p><p>\u00a0<\/p>\t\t\t\t\t\t\t\t<\/div>\n\t\t\t\t<\/div>\n\t\t\t\t<\/div>\n\t\t\t\t\t<\/div>\n\t\t\t\t<\/div>\n\t\t\t\t<\/div>\n\t\t","protected":false},"excerpt":{"rendered":"<p>Les Consultations m\u00e9dias plus sont en fonction depuis 1983 et se sp\u00e9cialisent dans le placement m\u00e9dias, plan de marketing, organisation d\u2019\u00e9v\u00e9nements et recherche de commandites. En 2022, un tournant majeur, r\u00e9sultat du succ\u00e8s des diff\u00e9rents salons de loisir et v\u00e9hicule \u00e9lectrique, nous am\u00e8ne \u00e0 centraliser toutes nos activit\u00e9s sous un m\u00eame toit, soit LE GROUPE [&hellip;]<\/p>\n","protected":false},"author":1,"featured_media":0,"parent":0,"menu_order":0,"comment_status":"closed","ping_status":"closed","template":"","meta":{"_acf_changed":false,"site-sidebar-layout":"no-sidebar","site-content-layout":"","ast-site-content-layout":"full-width-container","site-content-style":"default","site-sidebar-style":"default","ast-global-header-display":"","ast-banner-title-visibility":"","ast-main-header-display":"","ast-hfb-above-header-display":"","ast-hfb-below-header-display":"","ast-hfb-mobile-header-display":"","site-post-title":"","ast-breadcrumbs-content":"","ast-featured-img":"disabled","footer-sml-layout":"","ast-disable-related-posts":"","theme-transparent-header-meta":"","adv-header-id-meta":"","stick-header-meta":"","header-above-stick-meta":"","header-main-stick-meta":"","header-below-stick-meta":"","astra-migrate-meta-layouts":"default","ast-page-background-enabled":"default","ast-page-background-meta":{"desktop":{"background-color":"var(--ast-global-color-4)","background-image":"","background-repeat":"repeat","background-position":"center center","background-size":"auto","background-attachment":"scroll","background-type":"","background-media":"","overlay-type":"","overlay-color":"","overlay-opacity":"","overlay-gradient":""},"tablet":{"background-color":"","background-image":"","background-repeat":"repeat","background-position":"center center","background-size":"auto","background-attachment":"scroll","background-type":"","background-media":"","overlay-type":"","overlay-color":"","overlay-opacity":"","overlay-gradient":""},"mobile":{"background-color":"","background-image":"","background-repeat":"repeat","background-position":"center center","background-size":"auto","background-attachment":"scroll","background-type":"","background-media":"","overlay-type":"","overlay-color":"","overlay-opacity":"","overlay-gradient":""}},"ast-content-background-meta":{"desktop":{"background-color":"var(--ast-global-color-5)","background-image":"","background-repeat":"repeat","background-position":"center center","background-size":"auto","background-attachment":"scroll","background-type":"","background-media":"","overlay-type":"","overlay-color":"","overlay-opacity":"","overlay-gradient":""},"tablet":{"background-color":"var(--ast-global-color-5)","background-image":"","background-repeat":"repeat","background-position":"center center","background-size":"auto","background-attachment":"scroll","background-type":"","background-media":"","overlay-type":"","overlay-color":"","overlay-opacity":"","overlay-gradient":""},"mobile":{"background-color":"var(--ast-global-color-5)","background-image":"","background-repeat":"repeat","background-position":"center center","background-size":"auto","background-attachment":"scroll","background-type":"","background-media":"","overlay-type":"","overlay-color":"","overlay-opacity":"","overlay-gradient":""}},"footnotes":""},"class_list":["post-287","page","type-page","status-publish","hentry"],"acf":[],"yoast_head":"<!-- This site is optimized with the Yoast SEO plugin v27.4 - https:\/\/yoast.com\/product\/yoast-seo-wordpress\/ -->\n<title>\u00c0 propos - Groupe SVE<\/title>\n<meta name=\"description\" content=\"Groupe SVE se sp\u00e9cialise surtout dans l\u2019\u00e9v\u00e9nementiel avec un cumulatif de 41 ans au service des gens d\u2019affaires surtout situ\u00e9s dans la r\u00e9gion de Saint-Hyacinthe.\" \/>\n<meta name=\"robots\" content=\"index, follow, max-snippet:-1, max-image-preview:large, max-video-preview:-1\" \/>\n<link rel=\"canonical\" href=\"https:\/\/groupesve.com\/en\/a-propos\/\" \/>\n<meta property=\"og:locale\" content=\"en_US\" \/>\n<meta property=\"og:type\" content=\"article\" \/>\n<meta property=\"og:title\" content=\"\u00c0 propos - Groupe SVE\" \/>\n<meta property=\"og:description\" content=\"Groupe SVE se sp\u00e9cialise surtout dans l\u2019\u00e9v\u00e9nementiel avec un cumulatif de 41 ans au service des gens d\u2019affaires surtout situ\u00e9s dans la r\u00e9gion de Saint-Hyacinthe.\" \/>\n<meta property=\"og:url\" content=\"https:\/\/groupesve.com\/en\/a-propos\/\" \/>\n<meta property=\"og:site_name\" content=\"Groupe SVE\" \/>\n<meta property=\"article:modified_time\" content=\"2025-09-26T15:10:18+00:00\" \/>\n<meta property=\"og:image\" content=\"https:\/\/groupesve.com\/wp-content\/uploads\/2024\/02\/bg-05.jpg\" \/>\n\t<meta property=\"og:image:width\" content=\"899\" \/>\n\t<meta property=\"og:image:height\" content=\"1080\" \/>\n\t<meta property=\"og:image:type\" content=\"image\/jpeg\" \/>\n<meta name=\"twitter:card\" content=\"summary_large_image\" \/>\n<meta name=\"twitter:label1\" content=\"Est. reading time\" \/>\n\t<meta name=\"twitter:data1\" content=\"2 minutes\" \/>\n<script type=\"application\/ld+json\" class=\"yoast-schema-graph\">{\"@context\":\"https:\\\/\\\/schema.org\",\"@graph\":[{\"@type\":\"WebPage\",\"@id\":\"https:\\\/\\\/groupesve.com\\\/en\\\/a-propos\\\/\",\"url\":\"https:\\\/\\\/groupesve.com\\\/en\\\/a-propos\\\/\",\"name\":\"\u00c0 propos - Groupe SVE\",\"isPartOf\":{\"@id\":\"https:\\\/\\\/groupesve.com\\\/en\\\/#website\"},\"primaryImageOfPage\":{\"@id\":\"https:\\\/\\\/groupesve.com\\\/en\\\/a-propos\\\/#primaryimage\"},\"image\":{\"@id\":\"https:\\\/\\\/groupesve.com\\\/en\\\/a-propos\\\/#primaryimage\"},\"thumbnailUrl\":\"https:\\\/\\\/groupesve.com\\\/wp-content\\\/uploads\\\/2024\\\/02\\\/bg-05-852x1024.jpg\",\"datePublished\":\"2024-02-13T15:37:05+00:00\",\"dateModified\":\"2025-09-26T15:10:18+00:00\",\"description\":\"Groupe SVE se sp\u00e9cialise surtout dans l\u2019\u00e9v\u00e9nementiel avec un cumulatif de 41 ans au service des gens d\u2019affaires surtout situ\u00e9s dans la r\u00e9gion de Saint-Hyacinthe.\",\"breadcrumb\":{\"@id\":\"https:\\\/\\\/groupesve.com\\\/en\\\/a-propos\\\/#breadcrumb\"},\"inLanguage\":\"en-US\",\"potentialAction\":[{\"@type\":\"ReadAction\",\"target\":[\"https:\\\/\\\/groupesve.com\\\/en\\\/a-propos\\\/\"]}]},{\"@type\":\"ImageObject\",\"inLanguage\":\"en-US\",\"@id\":\"https:\\\/\\\/groupesve.com\\\/en\\\/a-propos\\\/#primaryimage\",\"url\":\"https:\\\/\\\/groupesve.com\\\/wp-content\\\/uploads\\\/2024\\\/02\\\/bg-05-852x1024.jpg\",\"contentUrl\":\"https:\\\/\\\/groupesve.com\\\/wp-content\\\/uploads\\\/2024\\\/02\\\/bg-05-852x1024.jpg\"},{\"@type\":\"BreadcrumbList\",\"@id\":\"https:\\\/\\\/groupesve.com\\\/en\\\/a-propos\\\/#breadcrumb\",\"itemListElement\":[{\"@type\":\"ListItem\",\"position\":1,\"name\":\"Accueil\",\"item\":\"https:\\\/\\\/groupesve.com\\\/en\\\/\"},{\"@type\":\"ListItem\",\"position\":2,\"name\":\"\u00c0 propos\"}]},{\"@type\":\"WebSite\",\"@id\":\"https:\\\/\\\/groupesve.com\\\/en\\\/#website\",\"url\":\"https:\\\/\\\/groupesve.com\\\/en\\\/\",\"name\":\"Groupe SVE\",\"description\":\"Des \u00e9v\u00e9nements incontournables pour v\u00e9hicules \u00e9lectriques\",\"potentialAction\":[{\"@type\":\"SearchAction\",\"target\":{\"@type\":\"EntryPoint\",\"urlTemplate\":\"https:\\\/\\\/groupesve.com\\\/en\\\/?s={search_term_string}\"},\"query-input\":{\"@type\":\"PropertyValueSpecification\",\"valueRequired\":true,\"valueName\":\"search_term_string\"}}],\"inLanguage\":\"en-US\"}]}<\/script>\n<!-- \/ Yoast SEO plugin. -->","yoast_head_json":{"title":"\u00c0 propos - Groupe SVE","description":"Groupe SVE se sp\u00e9cialise surtout dans l\u2019\u00e9v\u00e9nementiel avec un cumulatif de 41 ans au service des gens d\u2019affaires surtout situ\u00e9s dans la r\u00e9gion de Saint-Hyacinthe.","robots":{"index":"index","follow":"follow","max-snippet":"max-snippet:-1","max-image-preview":"max-image-preview:large","max-video-preview":"max-video-preview:-1"},"canonical":"https:\/\/groupesve.com\/en\/a-propos\/","og_locale":"en_US","og_type":"article","og_title":"\u00c0 propos - Groupe SVE","og_description":"Groupe SVE se sp\u00e9cialise surtout dans l\u2019\u00e9v\u00e9nementiel avec un cumulatif de 41 ans au service des gens d\u2019affaires surtout situ\u00e9s dans la r\u00e9gion de Saint-Hyacinthe.","og_url":"https:\/\/groupesve.com\/en\/a-propos\/","og_site_name":"Groupe SVE","article_modified_time":"2025-09-26T15:10:18+00:00","og_image":[{"width":899,"height":1080,"url":"https:\/\/groupesve.com\/wp-content\/uploads\/2024\/02\/bg-05.jpg","type":"image\/jpeg"}],"twitter_card":"summary_large_image","twitter_misc":{"Est. reading time":"2 minutes"},"schema":{"@context":"https:\/\/schema.org","@graph":[{"@type":"WebPage","@id":"https:\/\/groupesve.com\/en\/a-propos\/","url":"https:\/\/groupesve.com\/en\/a-propos\/","name":"\u00c0 propos - Groupe SVE","isPartOf":{"@id":"https:\/\/groupesve.com\/en\/#website"},"primaryImageOfPage":{"@id":"https:\/\/groupesve.com\/en\/a-propos\/#primaryimage"},"image":{"@id":"https:\/\/groupesve.com\/en\/a-propos\/#primaryimage"},"thumbnailUrl":"https:\/\/groupesve.com\/wp-content\/uploads\/2024\/02\/bg-05-852x1024.jpg","datePublished":"2024-02-13T15:37:05+00:00","dateModified":"2025-09-26T15:10:18+00:00","description":"Groupe SVE se sp\u00e9cialise surtout dans l\u2019\u00e9v\u00e9nementiel avec un cumulatif de 41 ans au service des gens d\u2019affaires surtout situ\u00e9s dans la r\u00e9gion de Saint-Hyacinthe.","breadcrumb":{"@id":"https:\/\/groupesve.com\/en\/a-propos\/#breadcrumb"},"inLanguage":"en-US","potentialAction":[{"@type":"ReadAction","target":["https:\/\/groupesve.com\/en\/a-propos\/"]}]},{"@type":"ImageObject","inLanguage":"en-US","@id":"https:\/\/groupesve.com\/en\/a-propos\/#primaryimage","url":"https:\/\/groupesve.com\/wp-content\/uploads\/2024\/02\/bg-05-852x1024.jpg","contentUrl":"https:\/\/groupesve.com\/wp-content\/uploads\/2024\/02\/bg-05-852x1024.jpg"},{"@type":"BreadcrumbList","@id":"https:\/\/groupesve.com\/en\/a-propos\/#breadcrumb","itemListElement":[{"@type":"ListItem","position":1,"name":"Accueil","item":"https:\/\/groupesve.com\/en\/"},{"@type":"ListItem","position":2,"name":"\u00c0 propos"}]},{"@type":"WebSite","@id":"https:\/\/groupesve.com\/en\/#website","url":"https:\/\/groupesve.com\/en\/","name":"Groupe SVE","description":"Des \u00e9v\u00e9nements incontournables pour v\u00e9hicules \u00e9lectriques","potentialAction":[{"@type":"SearchAction","target":{"@type":"EntryPoint","urlTemplate":"https:\/\/groupesve.com\/en\/?s={search_term_string}"},"query-input":{"@type":"PropertyValueSpecification","valueRequired":true,"valueName":"search_term_string"}}],"inLanguage":"en-US"}]}},"_links":{"self":[{"href":"https:\/\/groupesve.com\/en\/wp-json\/wp\/v2\/pages\/287","targetHints":{"allow":["GET"]}}],"collection":[{"href":"https:\/\/groupesve.com\/en\/wp-json\/wp\/v2\/pages"}],"about":[{"href":"https:\/\/groupesve.com\/en\/wp-json\/wp\/v2\/types\/page"}],"author":[{"embeddable":true,"href":"https:\/\/groupesve.com\/en\/wp-json\/wp\/v2\/users\/1"}],"replies":[{"embeddable":true,"href":"https:\/\/groupesve.com\/en\/wp-json\/wp\/v2\/comments?post=287"}],"version-history":[{"count":67,"href":"https:\/\/groupesve.com\/en\/wp-json\/wp\/v2\/pages\/287\/revisions"}],"predecessor-version":[{"id":3088,"href":"https:\/\/groupesve.com\/en\/wp-json\/wp\/v2\/pages\/287\/revisions\/3088"}],"wp:attachment":[{"href":"https:\/\/groupesve.com\/en\/wp-json\/wp\/v2\/media?parent=287"}],"curies":[{"name":"wp","href":"https:\/\/api.w.org\/{rel}","templated":true}]}}